{"id":164,"date":"2025-12-08T05:41:29","date_gmt":"2025-12-08T05:41:29","guid":{"rendered":"https:\/\/avocatpassoki.com\/?page_id=164"},"modified":"2025-12-19T06:07:11","modified_gmt":"2025-12-19T06:07:11","slug":"services","status":"publish","type":"page","link":"https:\/\/avocatpassoki.com\/en\/services\/","title":{"rendered":"Services"},"content":{"rendered":"<h1 class=\"wp-block-heading\">\u2b50 <strong>Services du Cabinet d\u2019Avocat Me. Valentin P. PASSOKI<\/strong><\/h1>\n\n\n\n<h3 class=\"wp-block-heading\"><strong>1. Immigration \u00e9conomique (Entr\u00e9e Express &amp; Programmes provinciaux)<\/strong><\/h3>\n\n\n\n<p>Accompagnement complet pour les travailleurs qualifi\u00e9s, les professions sp\u00e9cialis\u00e9es et les candidats aux programmes d\u2019immigration \u00e9conomique du Canada.<\/p>\n\n\n\n<h3 class=\"wp-block-heading\"><strong>2. Parrainage familial<\/strong><\/h3>\n\n\n\n<p>Assistance pour r\u00e9unir les familles : parrainage conjugal, \u00e9poux, enfant, parent ou autre membre de la famille admissible.<\/p>\n\n\n\n<h3 class=\"wp-block-heading\"><strong>3. Permis d\u2019\u00e9tudes et Permis de travail<\/strong><\/h3>\n\n\n\n<p>Pr\u00e9paration et d\u00e9p\u00f4t de dossiers pour \u00e9tudiants internationaux, travailleurs temporaires, permis post-dipl\u00f4me, renouvellement ou changement de statut.<\/p>\n\n\n\n<h3 class=\"wp-block-heading\"><strong>4. R\u00e9sidence permanente<\/strong><\/h3>\n\n\n\n<p>Prise en charge de toutes les \u00e9tapes li\u00e9es \u00e0 l\u2019obtention de la r\u00e9sidence permanente, incluant les programmes f\u00e9d\u00e9raux et provinciaux.<\/p>\n\n\n\n<h3 class=\"wp-block-heading\"><strong>5. Citoyennet\u00e9 canadienne<\/strong><\/h3>\n\n\n\n<p>Conseils juridiques, v\u00e9rification d\u2019admissibilit\u00e9 et accompagnement dans la demande de citoyennet\u00e9.<\/p>\n\n\n\n<h3 class=\"wp-block-heading\"><strong>6. Recours juridiques et repr\u00e9sentations<\/strong><\/h3>\n\n\n\n<p>Repr\u00e9sentation devant les instances comp\u00e9tentes pour contestations, r\u00e9visions, appels ou refus li\u00e9s \u00e0 l\u2019immigration canadienne.<\/p>\n\n\n\n<h3 class=\"wp-block-heading\"><strong>7. Immigration France &amp; Visas Schengen<\/strong><\/h3>\n\n\n\n<p>Accompagnement pour les d\u00e9marches d\u2019immigration en France : titres de s\u00e9jour, regroupement familial, \u00e9tudes, travail et visas Schengen.<\/p>\n\n\n\n<p><strong>8. Demande d&rsquo;Asile au Canada<\/strong><\/p>\n\n\n\n<p><\/p>","protected":false},"excerpt":{"rendered":"<p>\u2b50 Services du Cabinet d\u2019Avocat Me. Valentin P. PASSOKI 1. Immigration \u00e9conomique (Entr\u00e9e Express &amp; Programmes provinciaux) Accompagnement complet pour&hellip;<\/p>","protected":false},"author":1,"featured_media":0,"parent":0,"menu_order":0,"comment_status":"closed","ping_status":"closed","template":"","meta":{"_uag_custom_page_level_css":"","footnotes":""},"class_list":["post-164","page","type-page","status-publish","hentry"],"yoast_head":"<!-- This site is optimized with the Yoast SEO plugin v27.6 - https:\/\/yoast.com\/product\/yoast-seo-wordpress\/ -->\n<title>Services - AvocatPassoki<\/title>\n<meta name=\"robots\" content=\"index, follow, max-snippet:-1, max-image-preview:large, max-video-preview:-1\" \/>\n<link rel=\"canonical\" href=\"https:\/\/avocatpassoki.com\/en\/services\/\" \/>\n<meta property=\"og:locale\" content=\"en_US\" \/>\n<meta property=\"og:type\" content=\"article\" \/>\n<meta property=\"og:title\" content=\"Services - AvocatPassoki\" \/>\n<meta property=\"og:description\" content=\"\u2b50 Services du Cabinet d\u2019Avocat Me. Valentin P. PASSOKI 1. Immigration \u00e9conomique (Entr\u00e9e Express &amp; Programmes provinciaux) Accompagnement complet pour&hellip;\" \/>\n<meta property=\"og:url\" content=\"https:\/\/avocatpassoki.com\/en\/services\/\" \/>\n<meta property=\"og:site_name\" content=\"AvocatPassoki\" \/>\n<meta property=\"article:publisher\" content=\"https:\/\/www.facebook.com\/profile.php?id=61560387085040\" \/>\n<meta property=\"article:modified_time\" content=\"2025-12-19T06:07:11+00:00\" \/>\n<meta name=\"twitter:card\" content=\"summary_large_image\" \/>\n<meta name=\"twitter:label1\" content=\"Est. reading time\" \/>\n\t<meta name=\"twitter:data1\" content=\"1 minute\" \/>\n<script type=\"application\/ld+json\" class=\"yoast-schema-graph\">{\"@context\":\"https:\\\/\\\/schema.org\",\"@graph\":[{\"@type\":\"WebPage\",\"@id\":\"https:\\\/\\\/avocatpassoki.com\\\/services\\\/\",\"url\":\"https:\\\/\\\/avocatpassoki.com\\\/services\\\/\",\"name\":\"Services - AvocatPassoki\",\"isPartOf\":{\"@id\":\"https:\\\/\\\/avocatpassoki-edfd75.ingress-earth.ewp.live\\\/#website\"},\"datePublished\":\"2025-12-08T05:41:29+00:00\",\"dateModified\":\"2025-12-19T06:07:11+00:00\",\"breadcrumb\":{\"@id\":\"https:\\\/\\\/avocatpassoki.com\\\/services\\\/#breadcrumb\"},\"inLanguage\":\"en-US\",\"potentialAction\":[{\"@type\":\"ReadAction\",\"target\":[\"https:\\\/\\\/avocatpassoki.com\\\/services\\\/\"]}]},{\"@type\":\"BreadcrumbList\",\"@id\":\"https:\\\/\\\/avocatpassoki.com\\\/services\\\/#breadcrumb\",\"itemListElement\":[{\"@type\":\"ListItem\",\"position\":1,\"name\":\"Home\",\"item\":\"https:\\\/\\\/avocatpassoki.com\\\/\"},{\"@type\":\"ListItem\",\"position\":2,\"name\":\"Services\"}]},{\"@type\":\"WebSite\",\"@id\":\"https:\\\/\\\/avocatpassoki-edfd75.ingress-earth.ewp.live\\\/#website\",\"url\":\"https:\\\/\\\/avocatpassoki-edfd75.ingress-earth.ewp.live\\\/\",\"name\":\"AvocatPassoki\",\"description\":\"\",\"publisher\":{\"@id\":\"https:\\\/\\\/avocatpassoki-edfd75.ingress-earth.ewp.live\\\/#organization\"},\"potentialAction\":[{\"@type\":\"SearchAction\",\"target\":{\"@type\":\"EntryPoint\",\"urlTemplate\":\"https:\\\/\\\/avocatpassoki-edfd75.ingress-earth.ewp.live\\\/?s={search_term_string}\"},\"query-input\":{\"@type\":\"PropertyValueSpecification\",\"valueRequired\":true,\"valueName\":\"search_term_string\"}}],\"inLanguage\":\"en-US\"},{\"@type\":\"Organization\",\"@id\":\"https:\\\/\\\/avocatpassoki-edfd75.ingress-earth.ewp.live\\\/#organization\",\"name\":\"AvocatPassoki\",\"url\":\"https:\\\/\\\/avocatpassoki-edfd75.ingress-earth.ewp.live\\\/\",\"logo\":{\"@type\":\"ImageObject\",\"inLanguage\":\"en-US\",\"@id\":\"https:\\\/\\\/avocatpassoki-edfd75.ingress-earth.ewp.live\\\/#\\\/schema\\\/logo\\\/image\\\/\",\"url\":\"https:\\\/\\\/avocatpassoki.com\\\/wp-content\\\/uploads\\\/2025\\\/12\\\/cropped-Maitre_Logo-removebg-preview.png\",\"contentUrl\":\"https:\\\/\\\/avocatpassoki.com\\\/wp-content\\\/uploads\\\/2025\\\/12\\\/cropped-Maitre_Logo-removebg-preview.png\",\"width\":500,\"height\":399,\"caption\":\"AvocatPassoki\"},\"image\":{\"@id\":\"https:\\\/\\\/avocatpassoki-edfd75.ingress-earth.ewp.live\\\/#\\\/schema\\\/logo\\\/image\\\/\"},\"sameAs\":[\"https:\\\/\\\/www.facebook.com\\\/profile.php?id=61560387085040\"]}]}<\/script>\n<!-- \/ Yoast SEO plugin. -->","yoast_head_json":{"title":"Services - AvocatPassoki","robots":{"index":"index","follow":"follow","max-snippet":"max-snippet:-1","max-image-preview":"max-image-preview:large","max-video-preview":"max-video-preview:-1"},"canonical":"https:\/\/avocatpassoki.com\/en\/services\/","og_locale":"en_US","og_type":"article","og_title":"Services - AvocatPassoki","og_description":"\u2b50 Services du Cabinet d\u2019Avocat Me. Valentin P. PASSOKI 1. Immigration \u00e9conomique (Entr\u00e9e Express &amp; Programmes provinciaux) Accompagnement complet pour&hellip;","og_url":"https:\/\/avocatpassoki.com\/en\/services\/","og_site_name":"AvocatPassoki","article_publisher":"https:\/\/www.facebook.com\/profile.php?id=61560387085040","article_modified_time":"2025-12-19T06:07:11+00:00","twitter_card":"summary_large_image","twitter_misc":{"Est. reading time":"1 minute"},"schema":{"@context":"https:\/\/schema.org","@graph":[{"@type":"WebPage","@id":"https:\/\/avocatpassoki.com\/services\/","url":"https:\/\/avocatpassoki.com\/services\/","name":"Services - AvocatPassoki","isPartOf":{"@id":"https:\/\/avocatpassoki-edfd75.ingress-earth.ewp.live\/#website"},"datePublished":"2025-12-08T05:41:29+00:00","dateModified":"2025-12-19T06:07:11+00:00","breadcrumb":{"@id":"https:\/\/avocatpassoki.com\/services\/#breadcrumb"},"inLanguage":"en-US","potentialAction":[{"@type":"ReadAction","target":["https:\/\/avocatpassoki.com\/services\/"]}]},{"@type":"BreadcrumbList","@id":"https:\/\/avocatpassoki.com\/services\/#breadcrumb","itemListElement":[{"@type":"ListItem","position":1,"name":"Home","item":"https:\/\/avocatpassoki.com\/"},{"@type":"ListItem","position":2,"name":"Services"}]},{"@type":"WebSite","@id":"https:\/\/avocatpassoki-edfd75.ingress-earth.ewp.live\/#website","url":"https:\/\/avocatpassoki-edfd75.ingress-earth.ewp.live\/","name":"AvocatPassoki","description":"","publisher":{"@id":"https:\/\/avocatpassoki-edfd75.ingress-earth.ewp.live\/#organization"},"potentialAction":[{"@type":"SearchAction","target":{"@type":"EntryPoint","urlTemplate":"https:\/\/avocatpassoki-edfd75.ingress-earth.ewp.live\/?s={search_term_string}"},"query-input":{"@type":"PropertyValueSpecification","valueRequired":true,"valueName":"search_term_string"}}],"inLanguage":"en-US"},{"@type":"Organization","@id":"https:\/\/avocatpassoki-edfd75.ingress-earth.ewp.live\/#organization","name":"AvocatPassoki","url":"https:\/\/avocatpassoki-edfd75.ingress-earth.ewp.live\/","logo":{"@type":"ImageObject","inLanguage":"en-US","@id":"https:\/\/avocatpassoki-edfd75.ingress-earth.ewp.live\/#\/schema\/logo\/image\/","url":"https:\/\/avocatpassoki.com\/wp-content\/uploads\/2025\/12\/cropped-Maitre_Logo-removebg-preview.png","contentUrl":"https:\/\/avocatpassoki.com\/wp-content\/uploads\/2025\/12\/cropped-Maitre_Logo-removebg-preview.png","width":500,"height":399,"caption":"AvocatPassoki"},"image":{"@id":"https:\/\/avocatpassoki-edfd75.ingress-earth.ewp.live\/#\/schema\/logo\/image\/"},"sameAs":["https:\/\/www.facebook.com\/profile.php?id=61560387085040"]}]}},"uagb_featured_image_src":{"full":false,"thumbnail":false,"medium":false,"medium_large":false,"large":false,"1536x1536":false,"2048x2048":false,"trp-custom-language-flag":false,"woocommerce_thumbnail":false,"woocommerce_single":false,"woocommerce_gallery_thumbnail":false},"uagb_author_info":{"display_name":"CESTCORRECT.COM","author_link":"https:\/\/avocatpassoki.com\/en\/author\/ekoko2024\/"},"uagb_comment_info":0,"uagb_excerpt":"\u2b50 Services du Cabinet d\u2019Avocat Me. Valentin P. PASSOKI 1. Immigration \u00e9conomique (Entr\u00e9e Express &amp; Programmes provinciaux) Accompagnement complet pour&hellip;","_links":{"self":[{"href":"https:\/\/avocatpassoki.com\/en\/wp-json\/wp\/v2\/pages\/164","targetHints":{"allow":["GET"]}}],"collection":[{"href":"https:\/\/avocatpassoki.com\/en\/wp-json\/wp\/v2\/pages"}],"about":[{"href":"https:\/\/avocatpassoki.com\/en\/wp-json\/wp\/v2\/types\/page"}],"author":[{"embeddable":true,"href":"https:\/\/avocatpassoki.com\/en\/wp-json\/wp\/v2\/users\/1"}],"replies":[{"embeddable":true,"href":"https:\/\/avocatpassoki.com\/en\/wp-json\/wp\/v2\/comments?post=164"}],"version-history":[{"count":3,"href":"https:\/\/avocatpassoki.com\/en\/wp-json\/wp\/v2\/pages\/164\/revisions"}],"predecessor-version":[{"id":222,"href":"https:\/\/avocatpassoki.com\/en\/wp-json\/wp\/v2\/pages\/164\/revisions\/222"}],"wp:attachment":[{"href":"https:\/\/avocatpassoki.com\/en\/wp-json\/wp\/v2\/media?parent=164"}],"curies":[{"name":"wp","href":"https:\/\/api.w.org\/{rel}","templated":true}]}}