{"id":186,"date":"2025-12-19T03:50:43","date_gmt":"2025-12-19T03:50:43","guid":{"rendered":"https:\/\/avocatpassoki.com\/?page_id=186"},"modified":"2025-12-19T03:50:44","modified_gmt":"2025-12-19T03:50:44","slug":"contactez-nous","status":"publish","type":"page","link":"https:\/\/avocatpassoki.com\/en\/contactez-nous\/","title":{"rendered":"Contactez-nous"},"content":{"rendered":"\n<p>Appel direct:<\/p>\n\n\n\n<p>\ud83d\udcde Canada: +1 (514) 914-9070<br>\ud83d\udcde France: +33 06 32 52 26 59\u202c ( Whatsapp)<br>\ud83d\udcde Togo: +228 90 70 01 22<br>E-mail: contact@avocatpassoki.com<\/p>\n\n\n\n<hr class=\"wp-block-separator has-alpha-channel-opacity\"\/>\n\n\n\n<h2 class=\"wp-block-heading\">Remplissez:<\/h2>\n\n\n<div class='fluentform ff-default fluentform_wrapper_4 ffs_default_wrap'><form data-form_id=\"4\" id=\"fluentform_4\" class=\"frm-fluent-form fluent_form_4 ff-el-form-top ff_form_instance_4_1 ff-form-loading ffs_default\" data-form_instance=\"ff_form_instance_4_1\" method=\"POST\" ><fieldset  style=\"border: none!important;margin: 0!important;padding: 0!important;background-color: transparent!important;box-shadow: none!important;outline: none!important; min-inline-size: 100%;\">\n                    <legend class=\"ff_screen_reader_title\" style=\"display: block; margin: 0!important;padding: 0!important;height: 0!important;text-indent: -999999px;width: 0!important;overflow:hidden;\">Contact Us.. - Choose Your Service<\/legend><p style=\"display: none !important;\" class=\"akismet-fields-container\" data-prefix=\"ak_\"><label>&#916;<textarea name=\"ak_hp_textarea\" cols=\"45\" rows=\"8\" maxlength=\"100\"><\/textarea><\/label><input type=\"hidden\" id=\"ak_js_1\" name=\"ak_js\" value=\"91\"\/><script>\ndocument.getElementById( \"ak_js_1\" ).setAttribute( \"value\", ( new Date() ).getTime() );\n<\/script>\n<\/p><input type='hidden' name='__fluent_form_embded_post_id' value='186' \/><input type=\"hidden\" id=\"_fluentform_4_fluentformnonce\" name=\"_fluentform_4_fluentformnonce\" value=\"cc9f50b49e\" \/><input type=\"hidden\" name=\"_wp_http_referer\" value=\"\/en\/wp-json\/wp\/v2\/pages\/186\" \/><div data-type=\"name-element\" data-name=\"names\" class=\" ff-field_container ff-name-field-wrapper\" ><div class='ff-t-container'><div class='ff-t-cell '><div class='ff-el-group ff-el-form-top'><div class=\"ff-el-input--label ff-el-is-required asterisk-right\"><label for='ff_4_names_first_name_' id='label_ff_4_names_first_name_' >Pr\u00e9nom<\/label><\/div><div class='ff-el-input--content'><input type=\"text\" name=\"names[first_name]\" id=\"ff_4_names_first_name_\" class=\"ff-el-form-control\" placeholder=\"Entrez votre Pr\u00e9nom\" aria-invalid=\"false\" aria-required=true><\/div><\/div><\/div><div class='ff-t-cell '><div class='ff-el-group ff-el-form-top'><div class=\"ff-el-input--label ff-el-is-required asterisk-right\"><label for='ff_4_names_last_name_' id='label_ff_4_names_last_name_' >Nom<\/label><\/div><div class='ff-el-input--content'><input type=\"text\" name=\"names[last_name]\" id=\"ff_4_names_last_name_\" class=\"ff-el-form-control\" placeholder=\"Entrez votre nom\" aria-invalid=\"false\" aria-required=true><\/div><\/div><\/div><\/div><\/div><div class='ff-el-group'><div class=\"ff-el-input--label ff-el-is-required asterisk-right\"><label for='ff_4_email' id='label_ff_4_email' aria-label=\"Email\">Email<\/label><\/div><div class='ff-el-input--content'><input type=\"email\" name=\"email\" id=\"ff_4_email\" class=\"ff-el-form-control\" placeholder=\"Entrez votre e-mail\" data-name=\"email\"  aria-invalid=\"false\" aria-required=true><\/div><\/div><div class='ff-el-group'><div class=\"ff-el-input--label ff-el-is-required asterisk-right\"><label for='ff_4_phone' id='label_ff_4_phone' aria-label=\"Num\u00e9ro de t\u00e9l\u00e9phone\">Num\u00e9ro de t\u00e9l\u00e9phone<\/label><\/div><div class='ff-el-input--content'><input type=\"text\" name=\"phone\" data-mask=\"(000) 000-0000\" class=\"ff-el-form-control\" placeholder=\"(XXX) XXX-XXXX\" data-name=\"phone\" id=\"ff_4_phone\"  aria-invalid=\"false\" aria-required=true><\/div><\/div><div class='ff-el-group'><div class=\"ff-el-input--label ff-el-is-required asterisk-right\"><label for='ff_4_service_needed' id='label_ff_4_service_needed' aria-label=\"Choisir nos services\">Choisir nos services<\/label><\/div><div class='ff-el-input--content'><select name=\"service_needed\" id=\"ff_4_service_needed\" class=\"ff-el-form-control\" data-name=\"service_needed\" data-calc_value=\"0\"  aria-invalid=\"false\" aria-required=\"true\" aria-labelledby=\"label_ff_4_service_needed\"><option value=\"\">- Select a Service -<\/option><option value=\"economic_immigration\"  >Immigration \u00e9conomique Canada (Entr\u00e9e Express, travailleurs qualifi\u00e9s)<\/option><option value=\"family_sponsorship\"  >Parrainage familial Canada<\/option><option value=\"study_work_permit\"  >Permis d\u2019\u00e9tudes \/ Permis de travail Canada<\/option><option value=\"permanent_residence\"  >R\u00e9sidence permanente Canada<\/option><option value=\"canadian_citizenship\"  >Citoyennet\u00e9 canadienne<\/option><option value=\"legal_recourse\"  >Recours & repr\u00e9sentations l\u00e9gales Canada<\/option><option value=\"france_immigration\"  >Immigration France \/ Visas<\/option><option value=\"international_consulting\"  >Conseils et consultations internationales<\/option><option value=\"federal_court_recourse\"  >Recours devant la cours f\u00e9d\u00e9rale<\/option><option value=\"Demande d&#039;Asile\"  >Demande d'Asile<\/option><\/select><\/div><\/div><div class='ff-el-group'><div class=\"ff-el-input--label ff-el-is-required asterisk-right\"><label for='ff_4_message' id='label_ff_4_message' aria-label=\"Message\">Message<\/label><\/div><div class='ff-el-input--content'><textarea aria-required=\"true\" aria-labelledby=\"label_ff_4_message\" name=\"message\" id=\"ff_4_message\" class=\"ff-el-form-control\" placeholder=\"Enter Your Message\" rows=\"5\" cols=\"2\" data-name=\"message\" ><\/textarea><\/div><\/div><div class='ff-el-group    ff-el-input--content'><div class='ff-el-form-check ff-el-tc'><label aria-label='Je consens \u00e0 ce que ce site web conserve les informations que j&#039;ai soumises afin de pouvoir r\u00e9pondre \u00e0 ma demande.' class='ff-el-form-check-label ff_tc_label' for=gdpr-agreement_086af84bd4b17aa95e30eeadcd1ff8e8><span class='ff_tc_checkbox'><input type=\"checkbox\" name=\"gdpr-agreement\" class=\"ff-el-form-check-input ff_gdpr_field\" data-name=\"gdpr-agreement\" id=\"gdpr-agreement_086af84bd4b17aa95e30eeadcd1ff8e8\"  value='on' aria-invalid='false' aria-required=true><\/span> <div class='ff_t_c'>Je consens \u00e0 ce que ce site web conserve les informations que j'ai soumises afin de pouvoir r\u00e9pondre \u00e0 ma demande.<\/div><\/label><\/div><\/div><div class='ff-el-group ff-text-left ff_submit_btn_wrapper ff_submit_btn_wrapper_custom'><button class=\"ff-btn ff-btn-submit ff-btn-md ff_btn_style wpf_has_custom_css\" type=\"submit\" name=\"custom_submit_button-4_1\" data-name=\"custom_submit_button-4_1\"  aria-label=\"Envoyez\">Envoyez<\/button><style>form.fluent_form_4 .wpf_has_custom_css.ff-btn-submit { background-color:#1a7efb;border-color:#1a7efb;color:#ffffff;min-width:100%; }form.fluent_form_4 .wpf_has_custom_css.ff-btn-submit:hover { background-color:#ffffff;border-color:#1a7efb;color:#1a7efb;min-width:100%; } <\/style><\/div><\/fieldset><\/form><div id='fluentform_4_errors' class='ff-errors-in-stack ff_form_instance_4_1 ff-form-loading_errors ff_form_instance_4_1_errors'><\/div><\/div>            <script type=\"text\/javascript\">\n                window.fluent_form_ff_form_instance_4_1 = {\"id\":\"4\",\"ajaxUrl\":\"https:\\\/\\\/avocatpassoki.com\\\/wp-admin\\\/admin-ajax.php\",\"settings\":{\"layout\":{\"labelPlacement\":\"top\",\"asteriskPlacement\":\"asterisk-right\",\"helpMessagePlacement\":\"with_label\",\"errorMessagePlacement\":\"inline\",\"cssClassName\":\"\"},\"restrictions\":{\"denyEmptySubmission\":{\"enabled\":false}}},\"form_instance\":\"ff_form_instance_4_1\",\"form_id_selector\":\"fluentform_4\",\"rules\":{\"names[first_name]\":{\"required\":{\"value\":true,\"message\":\"Please enter your first name.\",\"global\":false,\"global_message\":\"This field is required\"}},\"names[middle_name]\":{\"required\":{\"value\":false,\"message\":\"This field is required\",\"global_message\":\"This field is required\",\"global\":true}},\"names[last_name]\":{\"required\":{\"value\":true,\"message\":\"Please enter your last name.\",\"global\":false,\"global_message\":\"This field is required\"}},\"email\":{\"required\":{\"value\":true,\"message\":\"Please enter your email address.\",\"global\":false,\"global_message\":\"This field is required\"},\"email\":{\"value\":true,\"message\":\"Please enter a valid email address.\",\"global\":false,\"global_message\":\"This field must contain a valid email\"}},\"phone\":{\"required\":{\"value\":true,\"message\":\"Please enter your phone number.\",\"global\":false,\"global_message\":\"This field is required\"}},\"service_needed\":{\"required\":{\"value\":true,\"message\":\"Please select a service.\",\"global\":false,\"global_message\":\"This field is required\"}},\"message\":{\"required\":{\"value\":true,\"message\":\"\\u00c9crivez votre message\",\"global\":false,\"global_message\":\"This field is required\"}},\"gdpr-agreement\":{\"required\":{\"value\":true,\"message\":\"Please accept the GDPR agreement.\",\"global\":false,\"global_message\":\"This field is required\"}}},\"debounce_time\":300};\n                            <\/script>\n            \n\n\n\n<p><\/p>\n","protected":false},"excerpt":{"rendered":"<p>Appel direct: \ud83d\udcde Canada: +1 (514) 914-9070\ud83d\udcde France: +33 06 32 52 26 59\u202c ( Whatsapp)\ud83d\udcde Togo: +228 90 70&hellip;<\/p>","protected":false},"author":1,"featured_media":0,"parent":0,"menu_order":0,"comment_status":"closed","ping_status":"closed","template":"","meta":{"_uag_custom_page_level_css":"","footnotes":""},"class_list":["post-186","page","type-page","status-publish","hentry"],"yoast_head":"<!-- This site is optimized with the Yoast SEO plugin v27.6 - https:\/\/yoast.com\/product\/yoast-seo-wordpress\/ -->\n<title>Contactez-nous - AvocatPassoki<\/title>\n<meta name=\"robots\" content=\"index, follow, max-snippet:-1, max-image-preview:large, max-video-preview:-1\" \/>\n<link rel=\"canonical\" href=\"https:\/\/avocatpassoki.com\/en\/contactez-nous\/\" \/>\n<meta property=\"og:locale\" content=\"en_US\" \/>\n<meta property=\"og:type\" content=\"article\" \/>\n<meta property=\"og:title\" content=\"Contactez-nous - AvocatPassoki\" \/>\n<meta property=\"og:description\" content=\"Appel direct: \ud83d\udcde Canada: +1 (514) 914-9070\ud83d\udcde France: +33 06 32 52 26 59\u202c ( Whatsapp)\ud83d\udcde Togo: +228 90 70&hellip;\" \/>\n<meta property=\"og:url\" content=\"https:\/\/avocatpassoki.com\/en\/contactez-nous\/\" \/>\n<meta property=\"og:site_name\" content=\"AvocatPassoki\" \/>\n<meta property=\"article:publisher\" content=\"https:\/\/www.facebook.com\/profile.php?id=61560387085040\" \/>\n<meta property=\"article:modified_time\" content=\"2025-12-19T03:50:44+00:00\" \/>\n<meta name=\"twitter:card\" content=\"summary_large_image\" \/>\n<meta name=\"twitter:label1\" content=\"Est. reading time\" \/>\n\t<meta name=\"twitter:data1\" content=\"1 minute\" \/>\n<script type=\"application\/ld+json\" class=\"yoast-schema-graph\">{\"@context\":\"https:\\\/\\\/schema.org\",\"@graph\":[{\"@type\":\"WebPage\",\"@id\":\"https:\\\/\\\/avocatpassoki.com\\\/contactez-nous\\\/\",\"url\":\"https:\\\/\\\/avocatpassoki.com\\\/contactez-nous\\\/\",\"name\":\"Contactez-nous - AvocatPassoki\",\"isPartOf\":{\"@id\":\"https:\\\/\\\/avocatpassoki-edfd75.ingress-earth.ewp.live\\\/#website\"},\"datePublished\":\"2025-12-19T03:50:43+00:00\",\"dateModified\":\"2025-12-19T03:50:44+00:00\",\"breadcrumb\":{\"@id\":\"https:\\\/\\\/avocatpassoki.com\\\/contactez-nous\\\/#breadcrumb\"},\"inLanguage\":\"en-US\",\"potentialAction\":[{\"@type\":\"ReadAction\",\"target\":[\"https:\\\/\\\/avocatpassoki.com\\\/contactez-nous\\\/\"]}]},{\"@type\":\"BreadcrumbList\",\"@id\":\"https:\\\/\\\/avocatpassoki.com\\\/contactez-nous\\\/#breadcrumb\",\"itemListElement\":[{\"@type\":\"ListItem\",\"position\":1,\"name\":\"Home\",\"item\":\"https:\\\/\\\/avocatpassoki.com\\\/\"},{\"@type\":\"ListItem\",\"position\":2,\"name\":\"Contactez-nous\"}]},{\"@type\":\"WebSite\",\"@id\":\"https:\\\/\\\/avocatpassoki-edfd75.ingress-earth.ewp.live\\\/#website\",\"url\":\"https:\\\/\\\/avocatpassoki-edfd75.ingress-earth.ewp.live\\\/\",\"name\":\"AvocatPassoki\",\"description\":\"\",\"publisher\":{\"@id\":\"https:\\\/\\\/avocatpassoki-edfd75.ingress-earth.ewp.live\\\/#organization\"},\"potentialAction\":[{\"@type\":\"SearchAction\",\"target\":{\"@type\":\"EntryPoint\",\"urlTemplate\":\"https:\\\/\\\/avocatpassoki-edfd75.ingress-earth.ewp.live\\\/?s={search_term_string}\"},\"query-input\":{\"@type\":\"PropertyValueSpecification\",\"valueRequired\":true,\"valueName\":\"search_term_string\"}}],\"inLanguage\":\"en-US\"},{\"@type\":\"Organization\",\"@id\":\"https:\\\/\\\/avocatpassoki-edfd75.ingress-earth.ewp.live\\\/#organization\",\"name\":\"AvocatPassoki\",\"url\":\"https:\\\/\\\/avocatpassoki-edfd75.ingress-earth.ewp.live\\\/\",\"logo\":{\"@type\":\"ImageObject\",\"inLanguage\":\"en-US\",\"@id\":\"https:\\\/\\\/avocatpassoki-edfd75.ingress-earth.ewp.live\\\/#\\\/schema\\\/logo\\\/image\\\/\",\"url\":\"https:\\\/\\\/avocatpassoki.com\\\/wp-content\\\/uploads\\\/2025\\\/12\\\/cropped-Maitre_Logo-removebg-preview.png\",\"contentUrl\":\"https:\\\/\\\/avocatpassoki.com\\\/wp-content\\\/uploads\\\/2025\\\/12\\\/cropped-Maitre_Logo-removebg-preview.png\",\"width\":500,\"height\":399,\"caption\":\"AvocatPassoki\"},\"image\":{\"@id\":\"https:\\\/\\\/avocatpassoki-edfd75.ingress-earth.ewp.live\\\/#\\\/schema\\\/logo\\\/image\\\/\"},\"sameAs\":[\"https:\\\/\\\/www.facebook.com\\\/profile.php?id=61560387085040\"]}]}<\/script>\n<!-- \/ Yoast SEO plugin. -->","yoast_head_json":{"title":"Contactez-nous - AvocatPassoki","robots":{"index":"index","follow":"follow","max-snippet":"max-snippet:-1","max-image-preview":"max-image-preview:large","max-video-preview":"max-video-preview:-1"},"canonical":"https:\/\/avocatpassoki.com\/en\/contactez-nous\/","og_locale":"en_US","og_type":"article","og_title":"Contactez-nous - AvocatPassoki","og_description":"Appel direct: \ud83d\udcde Canada: +1 (514) 914-9070\ud83d\udcde France: +33 06 32 52 26 59\u202c ( Whatsapp)\ud83d\udcde Togo: +228 90 70&hellip;","og_url":"https:\/\/avocatpassoki.com\/en\/contactez-nous\/","og_site_name":"AvocatPassoki","article_publisher":"https:\/\/www.facebook.com\/profile.php?id=61560387085040","article_modified_time":"2025-12-19T03:50:44+00:00","twitter_card":"summary_large_image","twitter_misc":{"Est. reading time":"1 minute"},"schema":{"@context":"https:\/\/schema.org","@graph":[{"@type":"WebPage","@id":"https:\/\/avocatpassoki.com\/contactez-nous\/","url":"https:\/\/avocatpassoki.com\/contactez-nous\/","name":"Contactez-nous - AvocatPassoki","isPartOf":{"@id":"https:\/\/avocatpassoki-edfd75.ingress-earth.ewp.live\/#website"},"datePublished":"2025-12-19T03:50:43+00:00","dateModified":"2025-12-19T03:50:44+00:00","breadcrumb":{"@id":"https:\/\/avocatpassoki.com\/contactez-nous\/#breadcrumb"},"inLanguage":"en-US","potentialAction":[{"@type":"ReadAction","target":["https:\/\/avocatpassoki.com\/contactez-nous\/"]}]},{"@type":"BreadcrumbList","@id":"https:\/\/avocatpassoki.com\/contactez-nous\/#breadcrumb","itemListElement":[{"@type":"ListItem","position":1,"name":"Home","item":"https:\/\/avocatpassoki.com\/"},{"@type":"ListItem","position":2,"name":"Contactez-nous"}]},{"@type":"WebSite","@id":"https:\/\/avocatpassoki-edfd75.ingress-earth.ewp.live\/#website","url":"https:\/\/avocatpassoki-edfd75.ingress-earth.ewp.live\/","name":"AvocatPassoki","description":"","publisher":{"@id":"https:\/\/avocatpassoki-edfd75.ingress-earth.ewp.live\/#organization"},"potentialAction":[{"@type":"SearchAction","target":{"@type":"EntryPoint","urlTemplate":"https:\/\/avocatpassoki-edfd75.ingress-earth.ewp.live\/?s={search_term_string}"},"query-input":{"@type":"PropertyValueSpecification","valueRequired":true,"valueName":"search_term_string"}}],"inLanguage":"en-US"},{"@type":"Organization","@id":"https:\/\/avocatpassoki-edfd75.ingress-earth.ewp.live\/#organization","name":"AvocatPassoki","url":"https:\/\/avocatpassoki-edfd75.ingress-earth.ewp.live\/","logo":{"@type":"ImageObject","inLanguage":"en-US","@id":"https:\/\/avocatpassoki-edfd75.ingress-earth.ewp.live\/#\/schema\/logo\/image\/","url":"https:\/\/avocatpassoki.com\/wp-content\/uploads\/2025\/12\/cropped-Maitre_Logo-removebg-preview.png","contentUrl":"https:\/\/avocatpassoki.com\/wp-content\/uploads\/2025\/12\/cropped-Maitre_Logo-removebg-preview.png","width":500,"height":399,"caption":"AvocatPassoki"},"image":{"@id":"https:\/\/avocatpassoki-edfd75.ingress-earth.ewp.live\/#\/schema\/logo\/image\/"},"sameAs":["https:\/\/www.facebook.com\/profile.php?id=61560387085040"]}]}},"uagb_featured_image_src":{"full":false,"thumbnail":false,"medium":false,"medium_large":false,"large":false,"1536x1536":false,"2048x2048":false,"trp-custom-language-flag":false,"woocommerce_thumbnail":false,"woocommerce_single":false,"woocommerce_gallery_thumbnail":false},"uagb_author_info":{"display_name":"CESTCORRECT.COM","author_link":"https:\/\/avocatpassoki.com\/en\/author\/ekoko2024\/"},"uagb_comment_info":0,"uagb_excerpt":"Appel direct: \ud83d\udcde Canada: +1 (514) 914-9070\ud83d\udcde France: +33 06 32 52 26 59\u202c ( Whatsapp)\ud83d\udcde Togo: +228 90 70&hellip;","_links":{"self":[{"href":"https:\/\/avocatpassoki.com\/en\/wp-json\/wp\/v2\/pages\/186","targetHints":{"allow":["GET"]}}],"collection":[{"href":"https:\/\/avocatpassoki.com\/en\/wp-json\/wp\/v2\/pages"}],"about":[{"href":"https:\/\/avocatpassoki.com\/en\/wp-json\/wp\/v2\/types\/page"}],"author":[{"embeddable":true,"href":"https:\/\/avocatpassoki.com\/en\/wp-json\/wp\/v2\/users\/1"}],"replies":[{"embeddable":true,"href":"https:\/\/avocatpassoki.com\/en\/wp-json\/wp\/v2\/comments?post=186"}],"version-history":[{"count":1,"href":"https:\/\/avocatpassoki.com\/en\/wp-json\/wp\/v2\/pages\/186\/revisions"}],"predecessor-version":[{"id":187,"href":"https:\/\/avocatpassoki.com\/en\/wp-json\/wp\/v2\/pages\/186\/revisions\/187"}],"wp:attachment":[{"href":"https:\/\/avocatpassoki.com\/en\/wp-json\/wp\/v2\/media?parent=186"}],"curies":[{"name":"wp","href":"https:\/\/api.w.org\/{rel}","templated":true}]}}